{"id":12399,"date":"2024-04-17T14:04:49","date_gmt":"2024-04-17T11:04:49","guid":{"rendered":"https:\/\/cortex.fi\/tuote\/kottide-sisestamise-masin-kwik-lok-1002-fp\/"},"modified":"2024-05-15T11:47:48","modified_gmt":"2024-05-15T08:47:48","slug":"kottide-sisestamise-masin-kwik-lok-1002-fp","status":"publish","type":"product","link":"https:\/\/cortex.fi\/et\/tuote\/kottide-sisestamise-masin-kwik-lok-1002-fp\/","title":{"rendered":"Kottide sulgemismasin Kwik Lok 1002 FP"},"content":{"rendered":"","protected":false},"excerpt":{"rendered":"<p>Kwik Lok 1002 FP kottide sulgur on varustatud templiga, millega saab Striplok\u00ae sulguritele tr\u00fckkida hinna, kuup\u00e4eva v\u00f5i koodi &#8220;RL&#8221; v\u00f5i &#8220;SL&#8221;. Sulgurid on varustatud v\u00e4ikese pabersildiga, millele on tr\u00fckitud tekst. Kwik Lok 1002 FP saab kasutada koos j\u00e4rgmiste seadmetega<br \/>\nsealhulgas &#8220;R&#8221; v\u00f5i &#8220;S&#8221; sulgemised. Neid sulgureid ei saa siiski tr\u00fckkida.<br \/>\nKwik Lok 1002 FP on v\u00e4ga lihtne kasutada ja seda on lihtne kasutada, sest see suudab sulgeda kuni 30 kotti minutis. Kwik Lok\u00ae kottide sulgurit kasutatakse nii, et kott asetatakse masina l\u00f5ugade vahele, kus sulgur ootab. Kui kott t\u00f5mmatakse v\u00e4lja, sisestab masin automaatselt uue tihendaja l\u00f5ugade vahele.<\/p>\n<p>Kwik Lok 1002 FP saab lukustada laua k\u00fclge v\u00f5i hoida liikuvana.<br \/>\nkasutades laua k\u00fclge kinnitatavat iminapaga kinnitust.<\/p>\n<p>T\u00fc\u00fcpilised kasutusalad on pagaritooted, kondiitritooted,<br \/>\nk\u00f6\u00f6giviljad, varuosad ja filtrid.<\/p>\n","protected":false},"author":9,"featured_media":11560,"comment_status":"closed","ping_status":"closed","template":"","product_brand":[],"product_cat":[494],"product_tag":[],"asiantuntija":[],"paamies":[],"healthcare":[],"pakkausmateriaalit":[],"merkinta":[],"pakkauskoneet":[],"leipomoille":[508],"tarkennus":[],"outlet":[],"class_list":{"0":"post-12399","1":"product","2":"type-product","3":"status-publish","4":"has-post-thumbnail","6":"product_cat-mitteosakondlikud","7":"leipomoille-pakendamine-ja-sulgemine","9":"first","10":"instock","11":"taxable","12":"shipping-taxable","13":"purchasable","14":"product-type-simple"},"_links":{"self":[{"href":"https:\/\/cortex.fi\/et\/wp-json\/wp\/v2\/product\/12399","targetHints":{"allow":["GET"]}}],"collection":[{"href":"https:\/\/cortex.fi\/et\/wp-json\/wp\/v2\/product"}],"about":[{"href":"https:\/\/cortex.fi\/et\/wp-json\/wp\/v2\/types\/product"}],"author":[{"embeddable":true,"href":"https:\/\/cortex.fi\/et\/wp-json\/wp\/v2\/users\/9"}],"replies":[{"embeddable":true,"href":"https:\/\/cortex.fi\/et\/wp-json\/wp\/v2\/comments?post=12399"}],"wp:featuredmedia":[{"embeddable":true,"href":"https:\/\/cortex.fi\/et\/wp-json\/wp\/v2\/media\/11560"}],"wp:attachment":[{"href":"https:\/\/cortex.fi\/et\/wp-json\/wp\/v2\/media?parent=12399"}],"wp:term":[{"taxonomy":"product_brand","embeddable":true,"href":"https:\/\/cortex.fi\/et\/wp-json\/wp\/v2\/product_brand?post=12399"},{"taxonomy":"product_cat","embeddable":true,"href":"https:\/\/cortex.fi\/et\/wp-json\/wp\/v2\/product_cat?post=12399"},{"taxonomy":"product_tag","embeddable":true,"href":"https:\/\/cortex.fi\/et\/wp-json\/wp\/v2\/product_tag?post=12399"},{"taxonomy":"asiantuntija","embeddable":true,"href":"https:\/\/cortex.fi\/et\/wp-json\/wp\/v2\/asiantuntija?post=12399"},{"taxonomy":"paamies","embeddable":true,"href":"https:\/\/cortex.fi\/et\/wp-json\/wp\/v2\/paamies?post=12399"},{"taxonomy":"healthcare","embeddable":true,"href":"https:\/\/cortex.fi\/et\/wp-json\/wp\/v2\/healthcare?post=12399"},{"taxonomy":"pakkausmateriaalit","embeddable":true,"href":"https:\/\/cortex.fi\/et\/wp-json\/wp\/v2\/pakkausmateriaalit?post=12399"},{"taxonomy":"merkinta","embeddable":true,"href":"https:\/\/cortex.fi\/et\/wp-json\/wp\/v2\/merkinta?post=12399"},{"taxonomy":"pakkauskoneet","embeddable":true,"href":"https:\/\/cortex.fi\/et\/wp-json\/wp\/v2\/pakkauskoneet?post=12399"},{"taxonomy":"leipomoille","embeddable":true,"href":"https:\/\/cortex.fi\/et\/wp-json\/wp\/v2\/leipomoille?post=12399"},{"taxonomy":"tarkennus","embeddable":true,"href":"https:\/\/cortex.fi\/et\/wp-json\/wp\/v2\/tarkennus?post=12399"},{"taxonomy":"outlet","embeddable":true,"href":"https:\/\/cortex.fi\/et\/wp-json\/wp\/v2\/outlet?post=12399"}],"curies":[{"name":"wp","href":"https:\/\/api.w.org\/{rel}","templated":true}]}}