{"id":10378,"date":"2024-03-12T15:59:16","date_gmt":"2024-03-12T13:59:16","guid":{"rendered":"https:\/\/cortex.fi\/tuote\/pakkimismasin-horisontaalne-robopac-spiror-hr\/"},"modified":"2024-05-13T15:31:26","modified_gmt":"2024-05-13T12:31:26","slug":"pakkimismasin-horisontaalne-robopac-spiror-hr","status":"publish","type":"product","link":"https:\/\/cortex.fi\/et\/tuote\/pakkimismasin-horisontaalne-robopac-spiror-hr\/","title":{"rendered":"Pakkimismasin &#8211; Horisontaalne &#8211; Robopac Spiror HR"},"content":{"rendered":"","protected":false},"excerpt":{"rendered":"<p>Robopac Spiror HR-seeria masinad on kvaliteetsed automaatsed horisontaalsed pakkimismasinad toodete pakkimiseks. See seeria pakub suurt j\u00f5udlust toodete pakkimiseks.<\/p>\n<p>Need suure j\u00f5udlusega masinad on hea lahendus selliste toodete, nagu alumiinium, teras, plasttooted ja puittooted, kaitsmiseks ja pakendamiseks.<\/p>\n<p>T\u00e4isautomaatne pakkimine h\u00f5lmab kile kinnitamist ja l\u00f5ikamist, mist\u00f5ttu masin sobib liinit\u00f6\u00f6ks. Masinad v\u00f5ivad olla varustatud eri t\u00fc\u00fcpi sisse- ja v\u00e4ljastuskonveieritega.<\/p>\n<p>Masinad on saadaval ka kahe pakkimisvormiga (DR-mudelid). Kahe rattaga mudelite puhul on v\u00f5imalik saavutada kerimise kiirus kuni 80 meetrit minutis (Spiror 400 HP DR).<\/p>\n","protected":false},"author":13,"featured_media":10379,"comment_status":"closed","ping_status":"closed","template":"","product_brand":[],"product_cat":[494],"product_tag":[],"asiantuntija":[],"paamies":[],"healthcare":[],"pakkausmateriaalit":[],"merkinta":[],"pakkauskoneet":[505],"leipomoille":[],"tarkennus":[507],"outlet":[],"class_list":{"0":"post-10378","1":"product","2":"type-product","3":"status-publish","4":"has-post-thumbnail","6":"product_cat-mitteosakondlikud","7":"pakkauskoneet-kaarintakone-et","8":"tarkennus-horisontaaliset-kaarintakoneet-et","10":"first","11":"instock","12":"taxable","13":"shipping-taxable","14":"purchasable","15":"product-type-simple"},"_links":{"self":[{"href":"https:\/\/cortex.fi\/et\/wp-json\/wp\/v2\/product\/10378","targetHints":{"allow":["GET"]}}],"collection":[{"href":"https:\/\/cortex.fi\/et\/wp-json\/wp\/v2\/product"}],"about":[{"href":"https:\/\/cortex.fi\/et\/wp-json\/wp\/v2\/types\/product"}],"author":[{"embeddable":true,"href":"https:\/\/cortex.fi\/et\/wp-json\/wp\/v2\/users\/13"}],"replies":[{"embeddable":true,"href":"https:\/\/cortex.fi\/et\/wp-json\/wp\/v2\/comments?post=10378"}],"wp:featuredmedia":[{"embeddable":true,"href":"https:\/\/cortex.fi\/et\/wp-json\/wp\/v2\/media\/10379"}],"wp:attachment":[{"href":"https:\/\/cortex.fi\/et\/wp-json\/wp\/v2\/media?parent=10378"}],"wp:term":[{"taxonomy":"product_brand","embeddable":true,"href":"https:\/\/cortex.fi\/et\/wp-json\/wp\/v2\/product_brand?post=10378"},{"taxonomy":"product_cat","embeddable":true,"href":"https:\/\/cortex.fi\/et\/wp-json\/wp\/v2\/product_cat?post=10378"},{"taxonomy":"product_tag","embeddable":true,"href":"https:\/\/cortex.fi\/et\/wp-json\/wp\/v2\/product_tag?post=10378"},{"taxonomy":"asiantuntija","embeddable":true,"href":"https:\/\/cortex.fi\/et\/wp-json\/wp\/v2\/asiantuntija?post=10378"},{"taxonomy":"paamies","embeddable":true,"href":"https:\/\/cortex.fi\/et\/wp-json\/wp\/v2\/paamies?post=10378"},{"taxonomy":"healthcare","embeddable":true,"href":"https:\/\/cortex.fi\/et\/wp-json\/wp\/v2\/healthcare?post=10378"},{"taxonomy":"pakkausmateriaalit","embeddable":true,"href":"https:\/\/cortex.fi\/et\/wp-json\/wp\/v2\/pakkausmateriaalit?post=10378"},{"taxonomy":"merkinta","embeddable":true,"href":"https:\/\/cortex.fi\/et\/wp-json\/wp\/v2\/merkinta?post=10378"},{"taxonomy":"pakkauskoneet","embeddable":true,"href":"https:\/\/cortex.fi\/et\/wp-json\/wp\/v2\/pakkauskoneet?post=10378"},{"taxonomy":"leipomoille","embeddable":true,"href":"https:\/\/cortex.fi\/et\/wp-json\/wp\/v2\/leipomoille?post=10378"},{"taxonomy":"tarkennus","embeddable":true,"href":"https:\/\/cortex.fi\/et\/wp-json\/wp\/v2\/tarkennus?post=10378"},{"taxonomy":"outlet","embeddable":true,"href":"https:\/\/cortex.fi\/et\/wp-json\/wp\/v2\/outlet?post=10378"}],"curies":[{"name":"wp","href":"https:\/\/api.w.org\/{rel}","templated":true}]}}