{"id":12258,"date":"2023-03-27T23:16:42","date_gmt":"2023-03-27T20:16:42","guid":{"rendered":"https:\/\/cortex.fi\/meie-teenused\/"},"modified":"2024-05-12T22:47:38","modified_gmt":"2024-05-12T19:47:38","slug":"meie-teenused","status":"publish","type":"page","link":"https:\/\/cortex.fi\/et\/meie-teenused\/","title":{"rendered":"Meie teenused"},"content":{"rendered":"\t\t<div data-elementor-type=\"wp-page\" data-elementor-id=\"12258\" class=\"elementor elementor-12258 elementor-5683\" data-elementor-post-type=\"page\">\n\t\t\t\t\t\t<section class=\"elementor-section elementor-top-section elementor-element elementor-element-6bdcd31 elementor-section-boxed elementor-section-height-default elementor-section-height-default\" data-id=\"6bdcd31\" data-element_type=\"section\" data-e-type=\"section\" data-settings=\"{&quot;background_background&quot;:&quot;classic&quot;}\">\n\t\t\t\t\t\t\t<div class=\"elementor-background-overlay\"><\/div>\n\t\t\t\t\t\t\t<div class=\"elementor-container elementor-column-gap-default\">\n\t\t\t\t\t<div class=\"elementor-column elementor-col-100 elementor-top-column elementor-element elementor-element-bd145ce\" data-id=\"bd145ce\" data-element_type=\"column\" data-e-type=\"column\">\n\t\t\t<div class=\"elementor-widget-wrap elementor-element-populated\">\n\t\t\t\t\t\t<div class=\"elementor-element elementor-element-6133a71 ekaheading elementor-invisible elementor-widget elementor-widget-heading\" data-id=\"6133a71\" data-element_type=\"widget\" data-e-type=\"widget\" data-settings=\"{&quot;_animation&quot;:&quot;fadeInUp&quot;}\" data-widget_type=\"heading.default\">\n\t\t\t\t<div class=\"elementor-widget-container\">\n\t\t\t\t\t<h1 class=\"elementor-heading-title elementor-size-default\">Teenused<\/h1>\t\t\t\t<\/div>\n\t\t\t\t<\/div>\n\t\t\t\t\t<\/div>\n\t\t<\/div>\n\t\t\t\t\t<\/div>\n\t\t<\/section>\n\t\t\t\t<section class=\"elementor-section elementor-top-section elementor-element elementor-element-818ad4b elementor-section-boxed elementor-section-height-default elementor-section-height-default\" data-id=\"818ad4b\" data-element_type=\"section\" data-e-type=\"section\">\n\t\t\t\t\t\t<div class=\"elementor-container elementor-column-gap-default\">\n\t\t\t\t\t<div class=\"elementor-column elementor-col-50 elementor-top-column elementor-element elementor-element-a904f73\" data-id=\"a904f73\" data-element_type=\"column\" data-e-type=\"column\" data-settings=\"{&quot;background_background&quot;:&quot;classic&quot;}\">\n\t\t\t<div class=\"elementor-widget-wrap elementor-element-populated\">\n\t\t\t\t\t\t<div class=\"elementor-element elementor-element-783a1fb elementor-widget elementor-widget-heading\" data-id=\"783a1fb\" data-element_type=\"widget\" data-e-type=\"widget\" data-widget_type=\"heading.default\">\n\t\t\t\t<div class=\"elementor-widget-container\">\n\t\t\t\t\t<h2 class=\"elementor-heading-title elementor-size-default\">Paigaldame ja hooldame seadmeid<\/h2>\t\t\t\t<\/div>\n\t\t\t\t<\/div>\n\t\t\t\t<div class=\"elementor-element elementor-element-3cdac69 elementor-widget elementor-widget-text-editor\" data-id=\"3cdac69\" data-element_type=\"widget\" data-e-type=\"widget\" data-widget_type=\"text-editor.default\">\n\t\t\t\t<div class=\"elementor-widget-container\">\n\t\t\t\t\t\t\t\t\t<div class=\"et_pb_text et_pb_module et_pb_bg_layout_light et_pb_text_align_left et_pb_text_1\">\n<div class=\"et_pb_text_inner\">\n<p>Me hoolitseme meie poolt tarnitud pagari- ja pakendamismasinate ning etikettimisseadmete paigaldamise eest ning koolitame kliendi esindajaid nende kasutamisel. Me hoolitseme oma klientide eest ka p\u00e4rast seadme paigaldamist.<\/p>\n<\/div>\n<\/div>\n<div class=\"et_pb_text et_pb_module et_pb_bg_layout_light et_pb_text_align_left et_pb_text_2\">\n<div class=\"et_pb_text_inner\">\n<p><a href=\"https:\/\/cortex.fi\/et\/palvelu\/nopea-apu-huoltokutsulla\/\">Meie teenindusmeeskond<\/a> pakub probleemide korral kiiret ja usaldusv\u00e4\u00e4rset abi. Kui soovite t\u00f5husalt, kuid kuluefektiivselt v\u00e4ltida t\u00f6\u00f6- ja tootmisseisakuid, on <a href=\"http:\/\/www.cortex.fi\/palvelut\/huoltosopimukset\/\">hooldusleping<\/a> \u00f5ige lahendus. Samuti saame pakkuda teile oma masinate <a href=\"https:\/\/cortex.fi\/et\/palvelu\/varaosat\/\">varuosasid<\/a>.<\/p>\n<\/div>\n<\/div>\n<div class=\"et_pb_text et_pb_module et_pb_bg_layout_light et_pb_text_align_left et_pb_text_3\">\n<div class=\"et_pb_text_inner\">\n<p>Klientidele, kes ei soovi siduda kapitali seadmete ostmisega, pakume ka <a href=\"https:\/\/cortex.fi\/et\/palvelu\/leasing\/\">liisinguteenust<\/a>.<\/p>\n<\/div>\n<\/div>\n\t\t\t\t\t\t\t\t<\/div>\n\t\t\t\t<\/div>\n\t\t\t\t\t<\/div>\n\t\t<\/div>\n\t\t\t\t<div class=\"elementor-column elementor-col-50 elementor-top-column elementor-element elementor-element-895d6f9\" data-id=\"895d6f9\" data-element_type=\"column\" data-e-type=\"column\" data-settings=\"{&quot;background_background&quot;:&quot;classic&quot;}\">\n\t\t\t<div class=\"elementor-widget-wrap elementor-element-populated\">\n\t\t\t\t\t\t<section class=\"elementor-section elementor-inner-section elementor-element elementor-element-541880d elementor-section-boxed elementor-section-height-default elementor-section-height-default\" data-id=\"541880d\" data-element_type=\"section\" data-e-type=\"section\">\n\t\t\t\t\t\t<div class=\"elementor-container elementor-column-gap-default\">\n\t\t\t\t\t<div class=\"make-column-clickable-elementor elementor-column elementor-col-50 elementor-inner-column elementor-element elementor-element-8f21f54 clickable\" style=\"cursor: pointer;\" data-column-clickable=\"https:\/\/cortex.fi\/palvelu\/varaosat\/\" data-column-clickable-blank=\"_self\" data-id=\"8f21f54\" data-element_type=\"column\" data-e-type=\"column\" data-settings=\"{&quot;background_background&quot;:&quot;classic&quot;}\">\n\t\t\t<div class=\"elementor-widget-wrap elementor-element-populated\">\n\t\t\t\t\t<div class=\"elementor-background-overlay\"><\/div>\n\t\t\t\t\t\t<div class=\"elementor-element elementor-element-d2a8fe1 elementor-view-default elementor-position-block-start elementor-mobile-position-block-start elementor-widget elementor-widget-icon-box\" data-id=\"d2a8fe1\" data-element_type=\"widget\" data-e-type=\"widget\" data-widget_type=\"icon-box.default\">\n\t\t\t\t<div class=\"elementor-widget-container\">\n\t\t\t\t\t\t\t<div class=\"elementor-icon-box-wrapper\">\n\n\t\t\t\t\t\t<div class=\"elementor-icon-box-icon\">\n\t\t\t\t<span  class=\"elementor-icon\">\n\t\t\t\t<svg xmlns=\"http:\/\/www.w3.org\/2000\/svg\" width=\"31\" height=\"26\" viewBox=\"0 0 31 26\" fill=\"none\"><path fill-rule=\"evenodd\" clip-rule=\"evenodd\" d=\"M20.2574 5.75L17.25 0.541016H5.75L0 10.5003L5.75 20.4596H9.95194L12.9594 25.6686H24.4594L30.2094 15.7093L24.4594 5.75H20.2574ZM20.8348 6.75L20.2574 5.75H12.9594L7.20935 15.7093L9.95194 20.4596H11.1066L13.5367 24.6686L23.882 24.6686L29.0547 15.7093L23.882 6.75H20.8348ZM20.8348 6.75L23 10.5003L17.25 20.4596H11.1066L8.36405 15.7093L13.5367 6.75L20.8348 6.75Z\" fill=\"white\"><\/path><\/svg>\t\t\t\t<\/span>\n\t\t\t<\/div>\n\t\t\t\n\t\t\t\t\t\t<div class=\"elementor-icon-box-content\">\n\n\t\t\t\t\t\t\t\t\t<h3 class=\"elementor-icon-box-title\">\n\t\t\t\t\t\t<span  >\n\t\t\t\t\t\t\tVaruosad\t\t\t\t\t\t<\/span>\n\t\t\t\t\t<\/h3>\n\t\t\t\t\n\t\t\t\t\t\t\t\t\t<p class=\"elementor-icon-box-description\">\n\t\t\t\t\t\tVaadake meie varuosade teenuseid.\t\t\t\t\t<\/p>\n\t\t\t\t\n\t\t\t<\/div>\n\t\t\t\n\t\t<\/div>\n\t\t\t\t\t\t<\/div>\n\t\t\t\t<\/div>\n\t\t\t\t<div class=\"elementor-element elementor-element-80de29b e-transform elementor-widget elementor-widget-button\" data-id=\"80de29b\" data-element_type=\"widget\" data-e-type=\"widget\" data-settings=\"{&quot;_transform_translateX_effect_hover&quot;:{&quot;unit&quot;:&quot;px&quot;,&quot;size&quot;:10,&quot;sizes&quot;:[]},&quot;_transform_translateX_effect_hover_tablet&quot;:{&quot;unit&quot;:&quot;px&quot;,&quot;size&quot;:&quot;&quot;,&quot;sizes&quot;:[]},&quot;_transform_translateX_effect_hover_mobile&quot;:{&quot;unit&quot;:&quot;px&quot;,&quot;size&quot;:&quot;&quot;,&quot;sizes&quot;:[]},&quot;_transform_translateY_effect_hover&quot;:{&quot;unit&quot;:&quot;px&quot;,&quot;size&quot;:&quot;&quot;,&quot;sizes&quot;:[]},&quot;_transform_translateY_effect_hover_tablet&quot;:{&quot;unit&quot;:&quot;px&quot;,&quot;size&quot;:&quot;&quot;,&quot;sizes&quot;:[]},&quot;_transform_translateY_effect_hover_mobile&quot;:{&quot;unit&quot;:&quot;px&quot;,&quot;size&quot;:&quot;&quot;,&quot;sizes&quot;:[]}}\" data-widget_type=\"button.default\">\n\t\t\t\t<div class=\"elementor-widget-container\">\n\t\t\t\t\t\t\t\t\t<div class=\"elementor-button-wrapper\">\n\t\t\t\t\t<a class=\"elementor-button elementor-button-link elementor-size-sm\" href=\"https:\/\/cortex.fi\/palvelu\/varaosat\/\">\n\t\t\t\t\t\t<span class=\"elementor-button-content-wrapper\">\n\t\t\t\t\t\t<span class=\"elementor-button-icon\">\n\t\t\t\t<svg xmlns=\"http:\/\/www.w3.org\/2000\/svg\" width=\"44\" height=\"24\" viewBox=\"0 0 44 24\" fill=\"none\"><path d=\"M43.0607 13.0607C43.6464 12.4749 43.6464 11.5251 43.0607 10.9393L33.5147 1.3934C32.9289 0.807609 31.9792 0.807609 31.3934 1.3934C30.8076 1.97918 30.8076 2.92893 31.3934 3.51472L39.8787 12L31.3934 20.4853C30.8076 21.0711 30.8076 22.0208 31.3934 22.6066C31.9792 23.1924 32.9289 23.1924 33.5147 22.6066L43.0607 13.0607ZM1.31134e-07 13.5L42 13.5L42 10.5L-1.31134e-07 10.5L1.31134e-07 13.5Z\" fill=\"white\"><\/path><\/svg>\t\t\t<\/span>\n\t\t\t\t\t\t\t\t\t<span class=\"elementor-button-text\">K\u00fclasta<\/span>\n\t\t\t\t\t<\/span>\n\t\t\t\t\t<\/a>\n\t\t\t\t<\/div>\n\t\t\t\t\t\t\t\t<\/div>\n\t\t\t\t<\/div>\n\t\t\t\t\t<\/div>\n\t\t<\/div>\n\t\t\t\t<div class=\"make-column-clickable-elementor elementor-column elementor-col-50 elementor-inner-column elementor-element elementor-element-dd907d1 sarakeklikki\" style=\"cursor: pointer;\" data-column-clickable=\"https:\/\/cortex.fi\/palvelu\/leasing\/\" data-column-clickable-blank=\"_self\" data-id=\"dd907d1\" data-element_type=\"column\" data-e-type=\"column\" data-settings=\"{&quot;background_background&quot;:&quot;classic&quot;}\">\n\t\t\t<div class=\"elementor-widget-wrap elementor-element-populated\">\n\t\t\t\t\t<div class=\"elementor-background-overlay\"><\/div>\n\t\t\t\t\t\t<div class=\"elementor-element elementor-element-ed4cb76 elementor-view-default elementor-position-block-start elementor-mobile-position-block-start elementor-widget elementor-widget-icon-box\" data-id=\"ed4cb76\" data-element_type=\"widget\" data-e-type=\"widget\" data-widget_type=\"icon-box.default\">\n\t\t\t\t<div class=\"elementor-widget-container\">\n\t\t\t\t\t\t\t<div class=\"elementor-icon-box-wrapper\">\n\n\t\t\t\t\t\t<div class=\"elementor-icon-box-icon\">\n\t\t\t\t<span  class=\"elementor-icon\">\n\t\t\t\t<svg xmlns=\"http:\/\/www.w3.org\/2000\/svg\" width=\"94\" height=\"64\" viewBox=\"0 0 94 64\" fill=\"none\"><circle cx=\"74\" cy=\"11\" r=\"8\" transform=\"rotate(90 74 11)\" stroke=\"white\" stroke-width=\"6\"><\/circle><circle cx=\"58\" cy=\"53\" r=\"8\" transform=\"rotate(90 58 53)\" stroke=\"white\" stroke-width=\"6\"><\/circle><circle cx=\"24\" cy=\"33\" r=\"8\" transform=\"rotate(90 24 33)\" stroke=\"white\" stroke-width=\"6\"><\/circle><line x1=\"65\" y1=\"10.5\" y2=\"10.5\" stroke=\"white\" stroke-width=\"7\"><\/line><line x1=\"51\" y1=\"52.5\" y2=\"52.5\" stroke=\"white\" stroke-width=\"7\"><\/line><line x1=\"93.5\" y1=\"11\" x2=\"80.5\" y2=\"11\" stroke=\"white\" stroke-width=\"7\"><\/line><line x1=\"93\" y1=\"52.5\" x2=\"65\" y2=\"52.5\" stroke=\"white\" stroke-width=\"7\"><\/line><line x1=\"93\" y1=\"31.5\" x2=\"32\" y2=\"31.5\" stroke=\"white\" stroke-width=\"7\"><\/line><line x1=\"16.5\" y1=\"32\" x2=\"0.5\" y2=\"32\" stroke=\"white\" stroke-width=\"7\"><\/line><\/svg>\t\t\t\t<\/span>\n\t\t\t<\/div>\n\t\t\t\n\t\t\t\t\t\t<div class=\"elementor-icon-box-content\">\n\n\t\t\t\t\t\t\t\t\t<h3 class=\"elementor-icon-box-title\">\n\t\t\t\t\t\t<span  >\n\t\t\t\t\t\t\tLiising\t\t\t\t\t\t<\/span>\n\t\t\t\t\t<\/h3>\n\t\t\t\t\n\t\t\t\t\t\t\t\t\t<p class=\"elementor-icon-box-description\">\n\t\t\t\t\t\tAvastage meie liisingulahendused.\t\t\t\t\t<\/p>\n\t\t\t\t\n\t\t\t<\/div>\n\t\t\t\n\t\t<\/div>\n\t\t\t\t\t\t<\/div>\n\t\t\t\t<\/div>\n\t\t\t\t<div class=\"elementor-element elementor-element-71ea808 e-transform elementor-widget elementor-widget-button\" data-id=\"71ea808\" data-element_type=\"widget\" data-e-type=\"widget\" data-settings=\"{&quot;_transform_translateX_effect_hover&quot;:{&quot;unit&quot;:&quot;px&quot;,&quot;size&quot;:10,&quot;sizes&quot;:[]},&quot;_transform_translateX_effect_hover_tablet&quot;:{&quot;unit&quot;:&quot;px&quot;,&quot;size&quot;:&quot;&quot;,&quot;sizes&quot;:[]},&quot;_transform_translateX_effect_hover_mobile&quot;:{&quot;unit&quot;:&quot;px&quot;,&quot;size&quot;:&quot;&quot;,&quot;sizes&quot;:[]},&quot;_transform_translateY_effect_hover&quot;:{&quot;unit&quot;:&quot;px&quot;,&quot;size&quot;:&quot;&quot;,&quot;sizes&quot;:[]},&quot;_transform_translateY_effect_hover_tablet&quot;:{&quot;unit&quot;:&quot;px&quot;,&quot;size&quot;:&quot;&quot;,&quot;sizes&quot;:[]},&quot;_transform_translateY_effect_hover_mobile&quot;:{&quot;unit&quot;:&quot;px&quot;,&quot;size&quot;:&quot;&quot;,&quot;sizes&quot;:[]}}\" data-widget_type=\"button.default\">\n\t\t\t\t<div class=\"elementor-widget-container\">\n\t\t\t\t\t\t\t\t\t<div class=\"elementor-button-wrapper\">\n\t\t\t\t\t<a class=\"elementor-button elementor-button-link elementor-size-sm\" href=\"https:\/\/cortex.fi\/palvelu\/leasing\/\">\n\t\t\t\t\t\t<span class=\"elementor-button-content-wrapper\">\n\t\t\t\t\t\t<span class=\"elementor-button-icon\">\n\t\t\t\t<svg xmlns=\"http:\/\/www.w3.org\/2000\/svg\" width=\"44\" height=\"24\" viewBox=\"0 0 44 24\" fill=\"none\"><path d=\"M43.0607 13.0607C43.6464 12.4749 43.6464 11.5251 43.0607 10.9393L33.5147 1.3934C32.9289 0.807609 31.9792 0.807609 31.3934 1.3934C30.8076 1.97918 30.8076 2.92893 31.3934 3.51472L39.8787 12L31.3934 20.4853C30.8076 21.0711 30.8076 22.0208 31.3934 22.6066C31.9792 23.1924 32.9289 23.1924 33.5147 22.6066L43.0607 13.0607ZM1.31134e-07 13.5L42 13.5L42 10.5L-1.31134e-07 10.5L1.31134e-07 13.5Z\" fill=\"white\"><\/path><\/svg>\t\t\t<\/span>\n\t\t\t\t\t\t\t\t\t<span class=\"elementor-button-text\">K\u00fclasta<\/span>\n\t\t\t\t\t<\/span>\n\t\t\t\t\t<\/a>\n\t\t\t\t<\/div>\n\t\t\t\t\t\t\t\t<\/div>\n\t\t\t\t<\/div>\n\t\t\t\t\t<\/div>\n\t\t<\/div>\n\t\t\t\t\t<\/div>\n\t\t<\/section>\n\t\t\t\t<section class=\"elementor-section elementor-inner-section elementor-element elementor-element-9b6348d elementor-section-boxed elementor-section-height-default elementor-section-height-default\" data-id=\"9b6348d\" data-element_type=\"section\" data-e-type=\"section\">\n\t\t\t\t\t\t<div class=\"elementor-container elementor-column-gap-default\">\n\t\t\t\t\t<div class=\"make-column-clickable-elementor elementor-column elementor-col-50 elementor-inner-column elementor-element elementor-element-c56ecd6 sarakeklikki\" style=\"cursor: pointer;\" data-column-clickable=\"https:\/\/cortex.fi\/palvelu\/huoltosopimukset\/\" data-column-clickable-blank=\"_self\" data-id=\"c56ecd6\" data-element_type=\"column\" data-e-type=\"column\" data-settings=\"{&quot;background_background&quot;:&quot;classic&quot;}\">\n\t\t\t<div class=\"elementor-widget-wrap elementor-element-populated\">\n\t\t\t\t\t<div class=\"elementor-background-overlay\"><\/div>\n\t\t\t\t\t\t<div class=\"elementor-element elementor-element-81ec01b elementor-view-default elementor-position-block-start elementor-mobile-position-block-start elementor-widget elementor-widget-icon-box\" data-id=\"81ec01b\" data-element_type=\"widget\" data-e-type=\"widget\" data-widget_type=\"icon-box.default\">\n\t\t\t\t<div class=\"elementor-widget-container\">\n\t\t\t\t\t\t\t<div class=\"elementor-icon-box-wrapper\">\n\n\t\t\t\t\t\t<div class=\"elementor-icon-box-icon\">\n\t\t\t\t<span  class=\"elementor-icon\">\n\t\t\t\t<svg xmlns=\"http:\/\/www.w3.org\/2000\/svg\" width=\"10\" height=\"10\" viewBox=\"0 0 10 10\" fill=\"none\"><path fill-rule=\"evenodd\" clip-rule=\"evenodd\" d=\"M7.60224 0.152118C7.32149 0.0535837 7.01954 0 6.70512 0C5.20935 0 3.99679 1.21256 3.99679 2.70833C3.99679 3.1387 4.09716 3.54561 4.27578 3.90695L0.237976 7.94477C-0.0793253 8.26203 -0.0793253 8.77648 0.237976 9.09379C0.555277 9.41111 1.06972 9.41111 1.38702 9.09379L5.39923 5.08158C5.78649 5.29514 6.23162 5.41669 6.70512 5.41669C8.20089 5.41669 9.41343 4.20411 9.41343 2.70833C9.41343 2.3939 9.35989 2.09199 9.26133 1.81122C9.23208 1.84859 9.20023 1.88459 9.16578 1.91901L8.08247 3.00234C7.62091 3.46387 6.87264 3.46387 6.41114 3.00234C5.94958 2.54081 5.94958 1.79252 6.41114 1.33099L7.49445 0.247662C7.52884 0.213247 7.56489 0.181397 7.60224 0.152118Z\" fill=\"white\"><\/path><\/svg>\t\t\t\t<\/span>\n\t\t\t<\/div>\n\t\t\t\n\t\t\t\t\t\t<div class=\"elementor-icon-box-content\">\n\n\t\t\t\t\t\t\t\t\t<h3 class=\"elementor-icon-box-title\">\n\t\t\t\t\t\t<span  >\n\t\t\t\t\t\t\tTeenuslepingud\t\t\t\t\t\t<\/span>\n\t\t\t\t\t<\/h3>\n\t\t\t\t\n\t\t\t\t\t\t\t\t\t<p class=\"elementor-icon-box-description\">\n\t\t\t\t\t\tLisateave meie teenuslepingute teenuste kohta.\t\t\t\t\t<\/p>\n\t\t\t\t\n\t\t\t<\/div>\n\t\t\t\n\t\t<\/div>\n\t\t\t\t\t\t<\/div>\n\t\t\t\t<\/div>\n\t\t\t\t<div class=\"elementor-element elementor-element-53c8aa2 e-transform elementor-widget elementor-widget-button\" data-id=\"53c8aa2\" data-element_type=\"widget\" data-e-type=\"widget\" data-settings=\"{&quot;_transform_translateX_effect_hover&quot;:{&quot;unit&quot;:&quot;px&quot;,&quot;size&quot;:10,&quot;sizes&quot;:[]},&quot;_transform_translateX_effect_hover_tablet&quot;:{&quot;unit&quot;:&quot;px&quot;,&quot;size&quot;:&quot;&quot;,&quot;sizes&quot;:[]},&quot;_transform_translateX_effect_hover_mobile&quot;:{&quot;unit&quot;:&quot;px&quot;,&quot;size&quot;:&quot;&quot;,&quot;sizes&quot;:[]},&quot;_transform_translateY_effect_hover&quot;:{&quot;unit&quot;:&quot;px&quot;,&quot;size&quot;:&quot;&quot;,&quot;sizes&quot;:[]},&quot;_transform_translateY_effect_hover_tablet&quot;:{&quot;unit&quot;:&quot;px&quot;,&quot;size&quot;:&quot;&quot;,&quot;sizes&quot;:[]},&quot;_transform_translateY_effect_hover_mobile&quot;:{&quot;unit&quot;:&quot;px&quot;,&quot;size&quot;:&quot;&quot;,&quot;sizes&quot;:[]}}\" data-widget_type=\"button.default\">\n\t\t\t\t<div class=\"elementor-widget-container\">\n\t\t\t\t\t\t\t\t\t<div class=\"elementor-button-wrapper\">\n\t\t\t\t\t<a class=\"elementor-button elementor-button-link elementor-size-sm\" href=\"https:\/\/cortex.fi\/palvelu\/huoltosopimukset\/\">\n\t\t\t\t\t\t<span class=\"elementor-button-content-wrapper\">\n\t\t\t\t\t\t<span class=\"elementor-button-icon\">\n\t\t\t\t<svg xmlns=\"http:\/\/www.w3.org\/2000\/svg\" width=\"44\" height=\"24\" viewBox=\"0 0 44 24\" fill=\"none\"><path d=\"M43.0607 13.0607C43.6464 12.4749 43.6464 11.5251 43.0607 10.9393L33.5147 1.3934C32.9289 0.807609 31.9792 0.807609 31.3934 1.3934C30.8076 1.97918 30.8076 2.92893 31.3934 3.51472L39.8787 12L31.3934 20.4853C30.8076 21.0711 30.8076 22.0208 31.3934 22.6066C31.9792 23.1924 32.9289 23.1924 33.5147 22.6066L43.0607 13.0607ZM1.31134e-07 13.5L42 13.5L42 10.5L-1.31134e-07 10.5L1.31134e-07 13.5Z\" fill=\"white\"><\/path><\/svg>\t\t\t<\/span>\n\t\t\t\t\t\t\t\t\t<span class=\"elementor-button-text\">K\u00fclasta<\/span>\n\t\t\t\t\t<\/span>\n\t\t\t\t\t<\/a>\n\t\t\t\t<\/div>\n\t\t\t\t\t\t\t\t<\/div>\n\t\t\t\t<\/div>\n\t\t\t\t\t<\/div>\n\t\t<\/div>\n\t\t\t\t<div class=\"make-column-clickable-elementor elementor-column elementor-col-50 elementor-inner-column elementor-element elementor-element-140f5d8 sarakeklikki\" style=\"cursor: pointer;\" data-column-clickable=\"https:\/\/cortex.fi\/palvelu\/nopea-apu-huoltokutsulla\/\" data-column-clickable-blank=\"_self\" data-id=\"140f5d8\" data-element_type=\"column\" data-e-type=\"column\" data-settings=\"{&quot;background_background&quot;:&quot;classic&quot;}\">\n\t\t\t<div class=\"elementor-widget-wrap elementor-element-populated\">\n\t\t\t\t\t<div class=\"elementor-background-overlay\"><\/div>\n\t\t\t\t\t\t<div class=\"elementor-element elementor-element-fa47f57 elementor-view-default elementor-position-block-start elementor-mobile-position-block-start elementor-widget elementor-widget-icon-box\" data-id=\"fa47f57\" data-element_type=\"widget\" data-e-type=\"widget\" data-widget_type=\"icon-box.default\">\n\t\t\t\t<div class=\"elementor-widget-container\">\n\t\t\t\t\t\t\t<div class=\"elementor-icon-box-wrapper\">\n\n\t\t\t\t\t\t<div class=\"elementor-icon-box-icon\">\n\t\t\t\t<span  class=\"elementor-icon\">\n\t\t\t\t<svg xmlns=\"http:\/\/www.w3.org\/2000\/svg\" width=\"10\" height=\"10\" viewBox=\"0 0 10 10\" fill=\"none\"><path fill-rule=\"evenodd\" clip-rule=\"evenodd\" d=\"M7.60224 0.152118C7.32149 0.0535837 7.01954 0 6.70512 0C5.20935 0 3.99679 1.21256 3.99679 2.70833C3.99679 3.1387 4.09716 3.54561 4.27578 3.90695L0.237976 7.94477C-0.0793253 8.26203 -0.0793253 8.77648 0.237976 9.09379C0.555277 9.41111 1.06972 9.41111 1.38702 9.09379L5.39923 5.08158C5.78649 5.29514 6.23162 5.41669 6.70512 5.41669C8.20089 5.41669 9.41343 4.20411 9.41343 2.70833C9.41343 2.3939 9.35989 2.09199 9.26133 1.81122C9.23208 1.84859 9.20023 1.88459 9.16578 1.91901L8.08247 3.00234C7.62091 3.46387 6.87264 3.46387 6.41114 3.00234C5.94958 2.54081 5.94958 1.79252 6.41114 1.33099L7.49445 0.247662C7.52884 0.213247 7.56489 0.181397 7.60224 0.152118Z\" fill=\"white\"><\/path><\/svg>\t\t\t\t<\/span>\n\t\t\t<\/div>\n\t\t\t\n\t\t\t\t\t\t<div class=\"elementor-icon-box-content\">\n\n\t\t\t\t\t\t\t\t\t<h3 class=\"elementor-icon-box-title\">\n\t\t\t\t\t\t<span  >\n\t\t\t\t\t\t\tTeenindusk\u00f5ned\t\t\t\t\t\t<\/span>\n\t\t\t\t\t<\/h3>\n\t\t\t\t\n\t\t\t\t\t\t\t\t\t<p class=\"elementor-icon-box-description\">\n\t\t\t\t\t\tT\u00e4ielik pakendilahendus, mis on kohandatud teie vajadustele.\t\t\t\t\t<\/p>\n\t\t\t\t\n\t\t\t<\/div>\n\t\t\t\n\t\t<\/div>\n\t\t\t\t\t\t<\/div>\n\t\t\t\t<\/div>\n\t\t\t\t<div class=\"elementor-element elementor-element-e85e640 e-transform elementor-widget elementor-widget-button\" data-id=\"e85e640\" data-element_type=\"widget\" data-e-type=\"widget\" data-settings=\"{&quot;_transform_translateX_effect_hover&quot;:{&quot;unit&quot;:&quot;px&quot;,&quot;size&quot;:10,&quot;sizes&quot;:[]},&quot;_transform_translateX_effect_hover_tablet&quot;:{&quot;unit&quot;:&quot;px&quot;,&quot;size&quot;:&quot;&quot;,&quot;sizes&quot;:[]},&quot;_transform_translateX_effect_hover_mobile&quot;:{&quot;unit&quot;:&quot;px&quot;,&quot;size&quot;:&quot;&quot;,&quot;sizes&quot;:[]},&quot;_transform_translateY_effect_hover&quot;:{&quot;unit&quot;:&quot;px&quot;,&quot;size&quot;:&quot;&quot;,&quot;sizes&quot;:[]},&quot;_transform_translateY_effect_hover_tablet&quot;:{&quot;unit&quot;:&quot;px&quot;,&quot;size&quot;:&quot;&quot;,&quot;sizes&quot;:[]},&quot;_transform_translateY_effect_hover_mobile&quot;:{&quot;unit&quot;:&quot;px&quot;,&quot;size&quot;:&quot;&quot;,&quot;sizes&quot;:[]}}\" data-widget_type=\"button.default\">\n\t\t\t\t<div class=\"elementor-widget-container\">\n\t\t\t\t\t\t\t\t\t<div class=\"elementor-button-wrapper\">\n\t\t\t\t\t<a class=\"elementor-button elementor-button-link elementor-size-sm\" href=\"https:\/\/cortex.fi\/palvelu\/nopea-apu-huoltokutsulla\/\">\n\t\t\t\t\t\t<span class=\"elementor-button-content-wrapper\">\n\t\t\t\t\t\t<span class=\"elementor-button-icon\">\n\t\t\t\t<svg xmlns=\"http:\/\/www.w3.org\/2000\/svg\" width=\"44\" height=\"24\" viewBox=\"0 0 44 24\" fill=\"none\"><path d=\"M43.0607 13.0607C43.6464 12.4749 43.6464 11.5251 43.0607 10.9393L33.5147 1.3934C32.9289 0.807609 31.9792 0.807609 31.3934 1.3934C30.8076 1.97918 30.8076 2.92893 31.3934 3.51472L39.8787 12L31.3934 20.4853C30.8076 21.0711 30.8076 22.0208 31.3934 22.6066C31.9792 23.1924 32.9289 23.1924 33.5147 22.6066L43.0607 13.0607ZM1.31134e-07 13.5L42 13.5L42 10.5L-1.31134e-07 10.5L1.31134e-07 13.5Z\" fill=\"white\"><\/path><\/svg>\t\t\t<\/span>\n\t\t\t\t\t\t\t\t\t<span class=\"elementor-button-text\">K\u00fclasta<\/span>\n\t\t\t\t\t<\/span>\n\t\t\t\t\t<\/a>\n\t\t\t\t<\/div>\n\t\t\t\t\t\t\t\t<\/div>\n\t\t\t\t<\/div>\n\t\t\t\t\t<\/div>\n\t\t<\/div>\n\t\t\t\t\t<\/div>\n\t\t<\/section>\n\t\t\t\t\t<\/div>\n\t\t<\/div>\n\t\t\t\t\t<\/div>\n\t\t<\/section>\n\t\t\t\t<\/div>\n\t\t","protected":false},"excerpt":{"rendered":"<p>Teenused Paigaldame ja hooldame seadmeid Me hoolitseme meie poolt tarnitud pagari- ja pakendamismasinate ning etikettimisseadmete paigaldamise eest ning koolitame kliendi esindajaid nende kasutamisel. Me hoolitseme oma klientide eest ka p\u00e4rast seadme paigaldamist. Meie teenindusmeeskond pakub probleemide korral kiiret ja usaldusv\u00e4\u00e4rset abi. Kui soovite t\u00f5husalt, kuid kuluefektiivselt v\u00e4ltida t\u00f6\u00f6- ja tootmisseisakuid, on hooldusleping \u00f5ige lahendus. Samuti [&hellip;]<\/p>\n","protected":false},"author":1,"featured_media":0,"parent":0,"menu_order":0,"comment_status":"closed","ping_status":"closed","template":"","meta":{"footnotes":""},"categories":[],"class_list":["post-12258","page","type-page","status-publish","hentry"],"_links":{"self":[{"href":"https:\/\/cortex.fi\/et\/wp-json\/wp\/v2\/pages\/12258","targetHints":{"allow":["GET"]}}],"collection":[{"href":"https:\/\/cortex.fi\/et\/wp-json\/wp\/v2\/pages"}],"about":[{"href":"https:\/\/cortex.fi\/et\/wp-json\/wp\/v2\/types\/page"}],"author":[{"embeddable":true,"href":"https:\/\/cortex.fi\/et\/wp-json\/wp\/v2\/users\/1"}],"replies":[{"embeddable":true,"href":"https:\/\/cortex.fi\/et\/wp-json\/wp\/v2\/comments?post=12258"}],"version-history":[{"count":1,"href":"https:\/\/cortex.fi\/et\/wp-json\/wp\/v2\/pages\/12258\/revisions"}],"predecessor-version":[{"id":12261,"href":"https:\/\/cortex.fi\/et\/wp-json\/wp\/v2\/pages\/12258\/revisions\/12261"}],"wp:attachment":[{"href":"https:\/\/cortex.fi\/et\/wp-json\/wp\/v2\/media?parent=12258"}],"wp:term":[{"taxonomy":"category","embeddable":true,"href":"https:\/\/cortex.fi\/et\/wp-json\/wp\/v2\/categories?post=12258"}],"curies":[{"name":"wp","href":"https:\/\/api.w.org\/{rel}","templated":true}]}}