{"id":12237,"date":"2023-11-15T00:33:44","date_gmt":"2023-11-14T22:33:44","guid":{"rendered":"https:\/\/cortex.fi\/andmekaitse\/"},"modified":"2024-05-12T22:47:30","modified_gmt":"2024-05-12T19:47:30","slug":"andmekaitse","status":"publish","type":"page","link":"https:\/\/cortex.fi\/et\/andmekaitse\/","title":{"rendered":"Andmekaitse"},"content":{"rendered":"\t\t<div data-elementor-type=\"wp-page\" data-elementor-id=\"12237\" class=\"elementor elementor-12237 elementor-9195\" data-elementor-post-type=\"page\">\n\t\t\t\t\t\t<section class=\"elementor-section elementor-top-section elementor-element elementor-element-14211ed elementor-section-boxed elementor-section-height-default elementor-section-height-default\" data-id=\"14211ed\" data-element_type=\"section\" data-e-type=\"section\" data-settings=\"{&quot;background_background&quot;:&quot;classic&quot;}\">\n\t\t\t\t\t\t\t<div class=\"elementor-background-overlay\"><\/div>\n\t\t\t\t\t\t\t<div class=\"elementor-container elementor-column-gap-default\">\n\t\t\t\t\t<div class=\"elementor-column elementor-col-100 elementor-top-column elementor-element elementor-element-a4c1735\" data-id=\"a4c1735\" data-element_type=\"column\" data-e-type=\"column\">\n\t\t\t<div class=\"elementor-widget-wrap elementor-element-populated\">\n\t\t\t\t\t\t<div class=\"elementor-element elementor-element-554629c elementor-widget__width-auto elementor-invisible elementor-widget elementor-widget-heading\" data-id=\"554629c\" data-element_type=\"widget\" data-e-type=\"widget\" data-settings=\"{&quot;_animation&quot;:&quot;fadeInUp&quot;}\" data-widget_type=\"heading.default\">\n\t\t\t\t<div class=\"elementor-widget-container\">\n\t\t\t\t\t<span class=\"elementor-heading-title elementor-size-default\">Privaatsuspoliitika<\/span>\t\t\t\t<\/div>\n\t\t\t\t<\/div>\n\t\t\t\t\t<\/div>\n\t\t<\/div>\n\t\t\t\t\t<\/div>\n\t\t<\/section>\n\t\t\t\t<section class=\"elementor-section elementor-top-section elementor-element elementor-element-fad0907 elementor-section-boxed elementor-section-height-default elementor-section-height-default\" data-id=\"fad0907\" data-element_type=\"section\" data-e-type=\"section\">\n\t\t\t\t\t\t<div class=\"elementor-container elementor-column-gap-default\">\n\t\t\t\t\t<div class=\"elementor-column elementor-col-50 elementor-top-column elementor-element elementor-element-1cb41fd\" data-id=\"1cb41fd\" data-element_type=\"column\" data-e-type=\"column\" data-settings=\"{&quot;background_background&quot;:&quot;classic&quot;}\">\n\t\t\t<div class=\"elementor-widget-wrap elementor-element-populated\">\n\t\t\t\t\t\t<div class=\"elementor-element elementor-element-e9d01c1 elementor-widget elementor-widget-text-editor\" data-id=\"e9d01c1\" data-element_type=\"widget\" data-e-type=\"widget\" data-widget_type=\"text-editor.default\">\n\t\t\t\t<div class=\"elementor-widget-container\">\n\t\t\t\t\t\t\t\t\t<h1>Privaatsuspoliitika<\/h1>\n<div class=\"ingressi_teksti\">\n<div class=\"ingressi\">\n<p>Teie privaatsus on oluline KTA-Cortex kontserni jaoks, kuhu kuuluvad KTA-Yhti\u00f6t Oy, Cortex Oy, KTA Paper Oy, KTA-Cortex Oy ja Corta Oy.) K\u00e4esolevas privaatsuspoliitikas kirjeldatakse teie isikuandmete kasutamist KTA-Cortexi kliendisuhete haldamise ja ERP-s\u00fcsteemides.<\/p>\n<\/div>\n<div class=\"teksti\">\n<p><strong>Kogutud andmed<\/strong><\/p>\n<p>Me s\u00e4ilitame teavet oma klientide ja muude kontaktide kohta meie CRM- ja ERP-s\u00fcsteemides. Me kasutame teavet m\u00fc\u00fcgi ja turunduse toetamiseks. Me kogume j\u00e4rgmisi isikuandmeid: nimi, ametikoht ettev\u00f5ttes, telefoninumber, postiaadress ja e-posti aadress.  <\/p>\n<p>Meie veebilehelt leiate teeninduse kontaktvormi, et saata teenindusp\u00e4ring meie teenindusosakonnale. KTA-Cortexi veebisaidil oma isikuandmeid sisaldava vormi esitamisega n\u00f5ustute k\u00e4esoleva privaatsuspoliitikaga. Teie poolt meile saadetud teavet v\u00f5idakse kombineerida muude teie kohta kogutud andmetega, n\u00e4iteks messidel kogutud andmetega. Teie esitatud teave on seotud teie v\u00f5i teie organisatsiooni ja KTA-Cortexi kontserni vahelise suhtega.<\/p>\n<p><strong>Andmete kasutamine ja avalikustamine<\/strong><\/p>\n<p>KTA-Cortexi kontsern v\u00f5ib kasutada teie isikuandmeid selleks, et saata teile olulist teavet \u00fcrituste (nt messide) ja pakkumiste kohta, mis meie arvates v\u00f5ivad teile huvi pakkuda. Selles kontekstis t\u00f6\u00f6deldakse kliendiregistrit excel-failidena klientidega t\u00f6\u00f6tavate inimeste t\u00f6\u00f6jaamades.  <\/p>\n<p>KTA-Cortexi kontsern on p\u00fchendunud teie andmete kaitsmisele ning ei m\u00fc\u00fc ega rendi teie andmeid kolmandatele isikutele.  <\/p>\n<p>KTA-Cortex Oy ei avalda isikuandmeid kolmandatele isikutele, v\u00e4lja arvatud juhul, kui Soome ametiasutused seda n\u00f5uavad.<\/p>\n<p><strong>Registri kaitse ja isikuandmete s\u00e4ilitamise aeg<\/strong><\/p>\n<p>Me austame teie isikuandmete konfidentsiaalsust. Registrit hoitakse CRM- ja ERP-andmebaasides, mis on kaitstud tulem\u00fc\u00fcride, paroolide ja muude tehniliste vahenditega ning millele p\u00e4\u00e4sevad ligi KTA-Cortexi volitatud isikud. Registris olevaid andmeid t\u00f6\u00f6tlevad isikud on kohustatud hoidma andmeid konfidentsiaalsena ja salajasena.<\/p>\n<p>Me k\u00f5rvaldame aegunud ja mittevajalikud andmed asjakohasel viisil. Me s\u00e4ilitame isikuandmeid ainult nii kaua, kui see on vajalik isikuandmete t\u00f6\u00f6tlemise eesm\u00e4rkide t\u00e4itmiseks, kuid mitte kauem kui 10 aastat p\u00e4rast kliendisuhte l\u00f5ppu.<\/p>\n<p><strong>Uuendused ja juurdep\u00e4\u00e4su\u00f5igused<\/strong><\/p>\n<p>Me uuendame ja vaatame korrap\u00e4raselt l\u00e4bi oma CRM- ja ERP-s\u00fcsteeme, et paremini teenindada oma kliente ja teisi sidusr\u00fchmi. See h\u00f5lmab ka mitteaktiivsete kontaktide kustutamist.<\/p>\n<p>Kui soovite oma isikuandmed \u00fcle vaadata v\u00f5i lasta need meie CRM- ja ERP-s\u00fcsteemidest eemaldada, saatke palun taotlus aadressil: kta@kta.fi . Samuti v\u00f5ite taotleda registri kirjeldust vastavalt isikuandmete seadusele eespool nimetatud aadressil meie kliendiregistri kohta.<\/p>\n<p><strong>Andmesubjekti \u00f5igused<\/strong><\/p>\n<p><strong>\u00d5igus andmetele juurdep\u00e4\u00e4suks<\/strong><\/p>\n<p>Andmesubjektil on \u00f5igus saada taotluse korral vastavalt GDPR artiklile 15 teavet teda puudutavate isikuandmete kohta, mida vastutav t\u00f6\u00f6tleja t\u00f6\u00f6tleb.<\/p>\n<p><strong>\u00d5igus andmete parandamisele<\/strong><\/p>\n<p>Andmesubjektil on GDPRi artikli 16 alusel \u00f5igus n\u00f5uda vastutavalt t\u00f6\u00f6tlejalt teda puudutavate ebat\u00e4psete v\u00f5i vigaste isikuandmete parandamist. Vajaduse korral on andmesubjektil \u00f5igus t\u00e4iendada ebat\u00e4ielikke isikuandmeid, esitades vastutava t\u00f6\u00f6tleja jaoks t\u00e4iendavaid selgitusi.<\/p>\n<p><strong>\u00d5igus andmete kustutamisele<\/strong><\/p>\n<p>Kui isikuandmeid ei ole vaja k\u00e4esolevas privaatsuspoliitikas s\u00e4testatud eesm\u00e4rkidel, kui andmesubjekt on t\u00fchistanud t\u00f6\u00f6tlemise aluseks olnud n\u00f5usoleku v\u00f5i kui vastutav t\u00f6\u00f6tleja on isikuandmeid ebaseaduslikult t\u00f6\u00f6delnud, on andmesubjektil \u00f5igus lasta teda puudutavad isikuandmed registrist kustutada.<\/p>\n<p>Andmesubjektidel on \u00f5igus esitada vastuv\u00e4iteid oma andmete t\u00f6\u00f6tlemisele ja avalikustamisele otseturunduse eesm\u00e4rgil, v\u00f5ttes meiega \u00fchendust, saates kirjaliku ja allkirjastatud taotluse kirja v\u00f5i e-posti aadressil kta@kta.fi. Kui te ei soovi, et me teiega \u00fchendust v\u00f5taksime, v\u00f5ite loobuda edaspidiste teadete saamisest.  <\/p>\n<p><strong>\u00d5igus t\u00f6\u00f6tlemise piiramisele<\/strong><\/p>\n<p>Andmesubjektil on \u00f5igus n\u00f5uda vastutavalt t\u00f6\u00f6tlejalt isikuandmete t\u00f6\u00f6tlemise piiramist isikuandmete kaitse \u00fcldm\u00e4\u00e4ruse artiklis 18 s\u00e4testatud juhtudel.<\/p>\n<p><strong>\u00d5igus esitada kaebus j\u00e4relevalveasutusele<\/strong><\/p>\n<p>Kui andmesubjekt leiab, et teda puudutavate isikuandmete t\u00f6\u00f6tlemine rikub GDPRi, on tal \u00f5igus esitada kaebus j\u00e4relevalveasutusele, mis antud juhul on eelk\u00f5ige andmekaitse ombudsmani b\u00fcroo.<\/p>\n<p><strong>Registri andmeallikad<\/strong><\/p>\n<p>Nime ja muude kontaktandmete kogumise aluseks on kliendisuhe v\u00f5i muu suhe KTA-Cortexi kontserni kuuluvate ettev\u00f5tetega. Me kogume teavet, kui s\u00f5lmite lepingu, kui registreerute v\u00f5i kui kasutate KTA-Cortexi teenuseid. Seet\u00f5ttu kogume isikuandmeid peamiselt sinult.  <\/p>\n<p>Samuti j\u00e4lgime meie veebisaidil k\u00fcpsiseid ja teie k\u00fclastus KTA-Cortexi veebisaidil j\u00e4tab j\u00e4lje, IP-aadressi. Isikuandmeid v\u00f5idakse osta \u00fchekordsetel turunduslikel eesm\u00e4rkidel ka KTA-Cortexi v\u00e4listelt registritelt. Me v\u00f5ime koguda isikuandmeid ka avalikest allikatest.  <\/p>\n<p><strong>Teenusepakkujate kasutamine<\/strong><\/p>\n<p>KTA-Cortex kasutab turundusega seotud \u00fclesannete t\u00e4itmiseks teenusepakkujaid. Sellised \u00fclesanded v\u00f5ivad h\u00f5lmata kirjapostituse v\u00f5i e-kirjade saatmist. Neid \u00fclesandeid t\u00e4itvatel isikutel v\u00f5ib olla juurdep\u00e4\u00e4s teie isikuandmetele, kuid ainult oma \u00fclesannete t\u00e4itmiseks. Need isikud ei tohi teie isikuandmeid kasutada \u00fchelgi muul eesm\u00e4rgil.<\/p>\n<p><strong>Meie p\u00fchendumine andmekaitsele<\/strong><\/p>\n<p>KTA-Cortex Oy p\u00fc\u00fcab tagada teie andmete turvalisuse. Oleme kehtestanud m\u00f5istlikud f\u00fc\u00fcsilised, elektroonilised ja juhtimismenetlused, et kaitsta ja kindlustada internetis kogutud teavet.<\/p>\n<p>CRM-s\u00fcsteem on kaitstud v\u00e4lise juurdep\u00e4\u00e4su eest. Registriandmeid ajakohastavate ja kasutavate isikute \u00f5igused registriandmetele juurdep\u00e4\u00e4suks ja nende t\u00f6\u00f6tlemiseks on m\u00e4\u00e4ratletud individuaalsel tasandil ning kaitstud isiklike kasutajanimede ja paroolidega.<\/p>\n<p><strong>Tingimuste ajakohastamine<\/strong><\/p>\n<p>KTA-Cortex j\u00e4tab endale \u00f5iguse k\u00e4esolevat privaatsuspoliitikat aeg-ajalt muuta.<\/p>\n<p>Meie andmekaitse kontaktisik<\/p>\n<p>Reinhard Lindqvist<\/p>\n<p>KTA-Cortex Oy<\/p>\n<p>reinhard.lindqvist@kta.fi  <\/p>\n<p>0400 426 245<\/p>\n<\/div>\n<\/div>\n\t\t\t\t\t\t\t\t<\/div>\n\t\t\t\t<\/div>\n\t\t\t\t\t<\/div>\n\t\t<\/div>\n\t\t\t\t<div class=\"elementor-column elementor-col-50 elementor-top-column elementor-element elementor-element-078049e\" data-id=\"078049e\" data-element_type=\"column\" data-e-type=\"column\">\n\t\t\t<div class=\"elementor-widget-wrap\">\n\t\t\t\t\t\t\t<\/div>\n\t\t<\/div>\n\t\t\t\t\t<\/div>\n\t\t<\/section>\n\t\t\t\t<\/div>\n\t\t","protected":false},"excerpt":{"rendered":"<p>Privaatsuspoliitika Privaatsuspoliitika Teie privaatsus on oluline KTA-Cortex kontserni jaoks, kuhu kuuluvad KTA-Yhti\u00f6t Oy, Cortex Oy, KTA Paper Oy, KTA-Cortex Oy ja Corta Oy.) K\u00e4esolevas privaatsuspoliitikas kirjeldatakse teie isikuandmete kasutamist KTA-Cortexi kliendisuhete haldamise ja ERP-s\u00fcsteemides. Kogutud andmed Me s\u00e4ilitame teavet oma klientide ja muude kontaktide kohta meie CRM- ja ERP-s\u00fcsteemides. Me kasutame teavet m\u00fc\u00fcgi ja turunduse [&hellip;]<\/p>\n","protected":false},"author":1,"featured_media":0,"parent":0,"menu_order":0,"comment_status":"closed","ping_status":"closed","template":"","meta":{"footnotes":""},"categories":[],"class_list":["post-12237","page","type-page","status-publish","hentry"],"_links":{"self":[{"href":"https:\/\/cortex.fi\/et\/wp-json\/wp\/v2\/pages\/12237","targetHints":{"allow":["GET"]}}],"collection":[{"href":"https:\/\/cortex.fi\/et\/wp-json\/wp\/v2\/pages"}],"about":[{"href":"https:\/\/cortex.fi\/et\/wp-json\/wp\/v2\/types\/page"}],"author":[{"embeddable":true,"href":"https:\/\/cortex.fi\/et\/wp-json\/wp\/v2\/users\/1"}],"replies":[{"embeddable":true,"href":"https:\/\/cortex.fi\/et\/wp-json\/wp\/v2\/comments?post=12237"}],"version-history":[{"count":1,"href":"https:\/\/cortex.fi\/et\/wp-json\/wp\/v2\/pages\/12237\/revisions"}],"predecessor-version":[{"id":12239,"href":"https:\/\/cortex.fi\/et\/wp-json\/wp\/v2\/pages\/12237\/revisions\/12239"}],"wp:attachment":[{"href":"https:\/\/cortex.fi\/et\/wp-json\/wp\/v2\/media?parent=12237"}],"wp:term":[{"taxonomy":"category","embeddable":true,"href":"https:\/\/cortex.fi\/et\/wp-json\/wp\/v2\/categories?post=12237"}],"curies":[{"name":"wp","href":"https:\/\/api.w.org\/{rel}","templated":true}]}}