{"id":12228,"date":"2022-06-22T22:57:53","date_gmt":"2022-06-22T19:57:53","guid":{"rendered":"https:\/\/cortex.fi\/cortex-kui-ettevote\/"},"modified":"2024-07-01T22:31:59","modified_gmt":"2024-07-01T19:31:59","slug":"cortex-kui-ettevote","status":"publish","type":"page","link":"https:\/\/cortex.fi\/et\/cortex-kui-ettevote\/","title":{"rendered":"Cortex kui ettev\u00f5te"},"content":{"rendered":"\t\t<div data-elementor-type=\"wp-page\" data-elementor-id=\"12228\" class=\"elementor elementor-12228 elementor-472\" data-elementor-post-type=\"page\">\n\t\t\t\t\t\t<section class=\"elementor-section elementor-top-section elementor-element elementor-element-3c0cb9b elementor-section-boxed elementor-section-height-default elementor-section-height-default\" data-id=\"3c0cb9b\" data-element_type=\"section\" data-e-type=\"section\" data-settings=\"{&quot;background_background&quot;:&quot;classic&quot;}\">\n\t\t\t\t\t\t\t<div class=\"elementor-background-overlay\"><\/div>\n\t\t\t\t\t\t\t<div class=\"elementor-container elementor-column-gap-default\">\n\t\t\t\t\t<div class=\"elementor-column elementor-col-100 elementor-top-column elementor-element elementor-element-9a00413\" data-id=\"9a00413\" data-element_type=\"column\" data-e-type=\"column\">\n\t\t\t<div class=\"elementor-widget-wrap elementor-element-populated\">\n\t\t\t\t\t\t<div class=\"elementor-element elementor-element-0b48ff5 ekaheading elementor-invisible elementor-widget elementor-widget-heading\" data-id=\"0b48ff5\" data-element_type=\"widget\" data-e-type=\"widget\" data-settings=\"{&quot;_animation&quot;:&quot;fadeInUp&quot;}\" data-widget_type=\"heading.default\">\n\t\t\t\t<div class=\"elementor-widget-container\">\n\t\t\t\t\t<h1 class=\"elementor-heading-title elementor-size-default\">Cortex kui ettev\u00f5te<\/h1>\t\t\t\t<\/div>\n\t\t\t\t<\/div>\n\t\t\t\t<div class=\"elementor-element elementor-element-96864bf elementor-invisible elementor-widget elementor-widget-text-editor\" data-id=\"96864bf\" data-element_type=\"widget\" data-e-type=\"widget\" data-settings=\"{&quot;_animation&quot;:&quot;fadeInUp&quot;}\" data-widget_type=\"text-editor.default\">\n\t\t\t\t<div class=\"elementor-widget-container\">\n\t\t\t\t\t\t\t\t\t<p>Cortex Oy on 1960. aastal asutatud Soome pereettev\u00f5te, mis keskendub pakendi-, etiketi- ja pagaritoodete lahendustele. Cortex O\u00fc asutati 1993. aastal.<\/p><p>Firma on oma nime saanud ladinakeelse s\u00f5na &#8220;cortex&#8221; j\u00e4rgi, mis t\u00e4hendab aju kaitsvat koort. Nimevalik n\u00e4itab, et aitame oma klientidel kaitsta oma tooteid parimal v\u00f5imalikul viisil transportimisel tehasest tarbijani. Kuulume kodumaisesse KTA-Cortexi gruppi, mille juured ulatuvad 1910. aastasse.<\/p>\t\t\t\t\t\t\t\t<\/div>\n\t\t\t\t<\/div>\n\t\t\t\t<div class=\"elementor-element elementor-element-d14bd5f elementor-view-default elementor-invisible elementor-widget elementor-widget-icon\" data-id=\"d14bd5f\" data-element_type=\"widget\" data-e-type=\"widget\" data-settings=\"{&quot;_animation&quot;:&quot;fadeInUp&quot;,&quot;_animation_delay&quot;:100}\" data-widget_type=\"icon.default\">\n\t\t\t\t<div class=\"elementor-widget-container\">\n\t\t\t\t\t\t\t<div class=\"elementor-icon-wrapper\">\n\t\t\t<a class=\"elementor-icon elementor-animation-sink\" href=\"#yritys\">\n\t\t\t<svg xmlns=\"http:\/\/www.w3.org\/2000\/svg\" width=\"56\" height=\"56\" viewBox=\"0 0 56 56\" fill=\"none\"><circle cx=\"28\" cy=\"28\" r=\"28\" fill=\"url(#paint0_radial_138_118)\" fill-opacity=\"0.43\"><\/circle><circle cx=\"28\" cy=\"28\" r=\"17\" fill=\"#1D5395\"><\/circle><path d=\"M28.1464 33.8536C28.3417 34.0488 28.6583 34.0488 28.8536 33.8536L32.0355 30.6716C32.2308 30.4763 32.2308 30.1597 32.0355 29.9645C31.8403 29.7692 31.5237 29.7692 31.3284 29.9645L28.5 32.7929L25.6716 29.9645C25.4763 29.7692 25.1597 29.7692 24.9645 29.9645C24.7692 30.1597 24.7692 30.4763 24.9645 30.6716L28.1464 33.8536ZM28 20.5L28 33.5L29 33.5L29 20.5L28 20.5Z\" fill=\"white\"><\/path><defs><radialGradient id=\"paint0_radial_138_118\" cx=\"0\" cy=\"0\" r=\"1\" gradientUnits=\"userSpaceOnUse\" gradientTransform=\"translate(28 28) rotate(90) scale(29.2174)\"><stop offset=\"0.4375\" stop-color=\"#1D5395\"><\/stop><stop offset=\"1\" stop-color=\"#1D5395\" stop-opacity=\"0\"><\/stop><\/radialGradient><\/defs><\/svg>\t\t\t<\/a>\n\t\t<\/div>\n\t\t\t\t\t\t<\/div>\n\t\t\t\t<\/div>\n\t\t\t\t\t<\/div>\n\t\t<\/div>\n\t\t\t\t\t<\/div>\n\t\t<\/section>\n\t\t\t\t<section class=\"elementor-section elementor-top-section elementor-element elementor-element-e27399e elementor-section-boxed elementor-section-height-default elementor-section-height-default\" data-id=\"e27399e\" data-element_type=\"section\" data-e-type=\"section\" id=\"yritys\">\n\t\t\t\t\t\t<div class=\"elementor-container elementor-column-gap-default\">\n\t\t\t\t\t<div class=\"elementor-column elementor-col-50 elementor-top-column elementor-element elementor-element-bf0142f\" data-id=\"bf0142f\" data-element_type=\"column\" data-e-type=\"column\" data-settings=\"{&quot;background_background&quot;:&quot;classic&quot;}\">\n\t\t\t<div class=\"elementor-widget-wrap elementor-element-populated\">\n\t\t\t\t\t\t<div class=\"elementor-element elementor-element-59efa80 elementor-widget elementor-widget-heading\" data-id=\"59efa80\" data-element_type=\"widget\" data-e-type=\"widget\" data-widget_type=\"heading.default\">\n\t\t\t\t<div class=\"elementor-widget-container\">\n\t\t\t\t\t<h2 class=\"elementor-heading-title elementor-size-default\">Usaldusv\u00e4\u00e4rsus ja j\u00e4tkusuutlikkus<\/h2>\t\t\t\t<\/div>\n\t\t\t\t<\/div>\n\t\t\t\t\t<\/div>\n\t\t<\/div>\n\t\t\t\t<div class=\"elementor-column elementor-col-50 elementor-top-column elementor-element elementor-element-c17f7e4\" data-id=\"c17f7e4\" data-element_type=\"column\" data-e-type=\"column\" data-settings=\"{&quot;background_background&quot;:&quot;classic&quot;}\">\n\t\t\t<div class=\"elementor-widget-wrap elementor-element-populated\">\n\t\t\t\t\t\t<div class=\"elementor-element elementor-element-8d72802 elementor-widget elementor-widget-text-editor\" data-id=\"8d72802\" data-element_type=\"widget\" data-e-type=\"widget\" data-widget_type=\"text-editor.default\">\n\t\t\t\t<div class=\"elementor-widget-container\">\n\t\t\t\t\t\t\t\t\t<p>Meie \u00e4ritegevus p\u00f5hineb pikaajalistel kliendisuhetel ja partnerlussuhetel, tugevatel teadmistel esindatavate toodete kohta ja heal klienditeenindusel.<\/p><p>Oma igap\u00e4evat\u00f6\u00f6s keskendume usaldusv\u00e4\u00e4rsusele ja kiirusele. Me arendame pidevalt oma l\u00e4henemist ja tootevalikut, et vastata klientide muutuvatele vajadustele. Meie valik koosneb maailma juhtivate tootjate toodetest.<\/p>\t\t\t\t\t\t\t\t<\/div>\n\t\t\t\t<\/div>\n\t\t\t\t<div class=\"elementor-element elementor-element-a07965d elementor-widget elementor-widget-button\" data-id=\"a07965d\" data-element_type=\"widget\" data-e-type=\"widget\" data-widget_type=\"button.default\">\n\t\t\t\t<div class=\"elementor-widget-container\">\n\t\t\t\t\t\t\t\t\t<div class=\"elementor-button-wrapper\">\n\t\t\t\t\t<a class=\"elementor-button elementor-button-link elementor-size-sm\" href=\"https:\/\/cortex.fi\/yhteys\/\">\n\t\t\t\t\t\t<span class=\"elementor-button-content-wrapper\">\n\t\t\t\t\t\t\t\t\t<span class=\"elementor-button-text\">V\u00f5tke meiega \u00fchendust<\/span>\n\t\t\t\t\t<\/span>\n\t\t\t\t\t<\/a>\n\t\t\t\t<\/div>\n\t\t\t\t\t\t\t\t<\/div>\n\t\t\t\t<\/div>\n\t\t\t\t\t<\/div>\n\t\t<\/div>\n\t\t\t\t\t<\/div>\n\t\t<\/section>\n\t\t\t\t<section class=\"elementor-section elementor-top-section elementor-element elementor-element-5fe0de9 elementor-section-boxed elementor-section-height-default elementor-section-height-default\" data-id=\"5fe0de9\" data-element_type=\"section\" data-e-type=\"section\">\n\t\t\t\t\t\t<div class=\"elementor-container elementor-column-gap-default\">\n\t\t\t\t\t<div class=\"elementor-column elementor-col-50 elementor-top-column elementor-element elementor-element-150f120\" data-id=\"150f120\" data-element_type=\"column\" data-e-type=\"column\">\n\t\t\t<div class=\"elementor-widget-wrap elementor-element-populated\">\n\t\t\t\t\t\t<div class=\"elementor-element elementor-element-0ae0214 elementor-widget elementor-widget-image\" data-id=\"0ae0214\" data-element_type=\"widget\" data-e-type=\"widget\" data-widget_type=\"image.default\">\n\t\t\t\t<div class=\"elementor-widget-container\">\n\t\t\t\t\t\t\t\t\t\t\t\t\t\t\t<img fetchpriority=\"high\" decoding=\"async\" width=\"800\" height=\"531\" src=\"https:\/\/cortex.fi\/wp-content\/uploads\/2022\/06\/Cortex-ratkaisut-11-1-1-2-1-1024x680.jpg\" class=\"attachment-large size-large wp-image-10353\" alt=\"\" srcset=\"https:\/\/cortex.fi\/wp-content\/uploads\/2022\/06\/Cortex-ratkaisut-11-1-1-2-1-1024x680.jpg 1024w, https:\/\/cortex.fi\/wp-content\/uploads\/2022\/06\/Cortex-ratkaisut-11-1-1-2-1-600x399.jpg 600w, https:\/\/cortex.fi\/wp-content\/uploads\/2022\/06\/Cortex-ratkaisut-11-1-1-2-1-300x199.jpg 300w, https:\/\/cortex.fi\/wp-content\/uploads\/2022\/06\/Cortex-ratkaisut-11-1-1-2-1-768x510.jpg 768w, https:\/\/cortex.fi\/wp-content\/uploads\/2022\/06\/Cortex-ratkaisut-11-1-1-2-1-1536x1021.jpg 1536w, https:\/\/cortex.fi\/wp-content\/uploads\/2022\/06\/Cortex-ratkaisut-11-1-1-2-1-2048x1361.jpg 2048w\" sizes=\"(max-width: 800px) 100vw, 800px\" \/>\t\t\t\t\t\t\t\t\t\t\t\t\t\t\t<\/div>\n\t\t\t\t<\/div>\n\t\t\t\t\t<\/div>\n\t\t<\/div>\n\t\t\t\t<div class=\"elementor-column elementor-col-50 elementor-top-column elementor-element elementor-element-44946fe\" data-id=\"44946fe\" data-element_type=\"column\" data-e-type=\"column\">\n\t\t\t<div class=\"elementor-widget-wrap elementor-element-populated\">\n\t\t\t\t\t\t<div class=\"elementor-element elementor-element-1ab0fb9 elementor-widget elementor-widget-image\" data-id=\"1ab0fb9\" data-element_type=\"widget\" data-e-type=\"widget\" data-widget_type=\"image.default\">\n\t\t\t\t<div class=\"elementor-widget-container\">\n\t\t\t\t\t\t\t\t\t\t\t\t\t\t\t<img decoding=\"async\" width=\"768\" height=\"510\" src=\"https:\/\/cortex.fi\/wp-content\/uploads\/2022\/06\/Cortex-ratkaisut-13-1-768x510.jpg\" class=\"attachment-medium_large size-medium_large wp-image-10354\" alt=\"\" srcset=\"https:\/\/cortex.fi\/wp-content\/uploads\/2022\/06\/Cortex-ratkaisut-13-1-768x510.jpg 768w, https:\/\/cortex.fi\/wp-content\/uploads\/2022\/06\/Cortex-ratkaisut-13-1-600x399.jpg 600w, https:\/\/cortex.fi\/wp-content\/uploads\/2022\/06\/Cortex-ratkaisut-13-1-300x199.jpg 300w, https:\/\/cortex.fi\/wp-content\/uploads\/2022\/06\/Cortex-ratkaisut-13-1-1024x680.jpg 1024w, https:\/\/cortex.fi\/wp-content\/uploads\/2022\/06\/Cortex-ratkaisut-13-1-1536x1021.jpg 1536w, https:\/\/cortex.fi\/wp-content\/uploads\/2022\/06\/Cortex-ratkaisut-13-1-2048x1361.jpg 2048w\" sizes=\"(max-width: 768px) 100vw, 768px\" \/>\t\t\t\t\t\t\t\t\t\t\t\t\t\t\t<\/div>\n\t\t\t\t<\/div>\n\t\t\t\t\t<\/div>\n\t\t<\/div>\n\t\t\t\t\t<\/div>\n\t\t<\/section>\n\t\t\t\t<section class=\"elementor-section elementor-top-section elementor-element elementor-element-1567b8a elementor-section-boxed elementor-section-height-default elementor-section-height-default\" data-id=\"1567b8a\" data-element_type=\"section\" data-e-type=\"section\">\n\t\t\t\t\t\t<div class=\"elementor-container elementor-column-gap-default\">\n\t\t\t\t\t<div class=\"elementor-column elementor-col-100 elementor-top-column elementor-element elementor-element-ac700d9\" data-id=\"ac700d9\" data-element_type=\"column\" data-e-type=\"column\">\n\t\t\t<div class=\"elementor-widget-wrap elementor-element-populated\">\n\t\t\t\t\t\t<div class=\"elementor-element elementor-element-adf4b18 elementor-widget elementor-widget-text-editor\" data-id=\"adf4b18\" data-element_type=\"widget\" data-e-type=\"widget\" data-widget_type=\"text-editor.default\">\n\t\t\t\t<div class=\"elementor-widget-container\">\n\t\t\t\t\t\t\t\t\t<p>Me oleme seal, kus on meie kliendid. Seep\u00e4rast katab meie m\u00fc\u00fcgiv\u00f5rk ja m\u00fc\u00fcgij\u00e4rgne teenindus kogu Eestis. Meie kontor ja ladu asuvad Tallinnas. Me investeerime asjatundlikesse m\u00fc\u00fcgi- ja professionaalsetesse teenindajatesse, et tagada masinate sujuv kasutuselev\u00f5tt ja v\u00e4hendada tootmisseisakuid.<\/p>\t\t\t\t\t\t\t\t<\/div>\n\t\t\t\t<\/div>\n\t\t\t\t<div class=\"elementor-element elementor-element-a7e628f elementor-widget elementor-widget-heading\" data-id=\"a7e628f\" data-element_type=\"widget\" data-e-type=\"widget\" data-widget_type=\"heading.default\">\n\t\t\t\t<div class=\"elementor-widget-container\">\n\t\t\t\t\t<h2 class=\"elementor-heading-title elementor-size-default\">Keskkonnas\u00f5bralikkus<\/h2>\t\t\t\t<\/div>\n\t\t\t\t<\/div>\n\t\t\t\t<div class=\"elementor-element elementor-element-8242db6 elementor-widget elementor-widget-text-editor\" data-id=\"8242db6\" data-element_type=\"widget\" data-e-type=\"widget\" data-widget_type=\"text-editor.default\">\n\t\t\t\t<div class=\"elementor-widget-container\">\n\t\t\t\t\t\t\t\t\t<p>Keskkonnas\u00e4\u00e4stlikkus juhib meie valikuid, nii suuri kui ka v\u00e4ikeseid. Meie pakutavad lahendused vastavad s\u00e4\u00e4stva arengu n\u00f5uetele. Oleme p\u00fchendunud keskkonnaministeeriumi ja pakendit\u00f6\u00f6stuse vahelisele \u00fchisele kokkuleppele pakendite ja materjalide t\u00f5husa kasutamise kohta.<\/p>\t\t\t\t\t\t\t\t<\/div>\n\t\t\t\t<\/div>\n\t\t\t\t<div class=\"elementor-element elementor-element-a62b6f1 elementor-widget elementor-widget-button\" data-id=\"a62b6f1\" data-element_type=\"widget\" data-e-type=\"widget\" data-widget_type=\"button.default\">\n\t\t\t\t<div class=\"elementor-widget-container\">\n\t\t\t\t\t\t\t\t\t<div class=\"elementor-button-wrapper\">\n\t\t\t\t\t<a class=\"elementor-button elementor-button-link elementor-size-sm\" href=\"https:\/\/cortex.fi\/yhteys\/\">\n\t\t\t\t\t\t<span class=\"elementor-button-content-wrapper\">\n\t\t\t\t\t\t<span class=\"elementor-button-icon\">\n\t\t\t\t<i aria-hidden=\"true\" class=\"fas fa-arrow-right\"><\/i>\t\t\t<\/span>\n\t\t\t\t\t\t\t\t\t<span class=\"elementor-button-text\">V\u00f5tke meiega \u00fchendust<\/span>\n\t\t\t\t\t<\/span>\n\t\t\t\t\t<\/a>\n\t\t\t\t<\/div>\n\t\t\t\t\t\t\t\t<\/div>\n\t\t\t\t<\/div>\n\t\t\t\t\t<\/div>\n\t\t<\/div>\n\t\t\t\t\t<\/div>\n\t\t<\/section>\n\t\t\t\t<\/div>\n\t\t","protected":false},"excerpt":{"rendered":"<p>Cortex kui ettev\u00f5te Cortex Oy on 1960. aastal asutatud Soome pereettev\u00f5te, mis keskendub pakendi-, etiketi- ja pagaritoodete lahendustele. Cortex O\u00fc asutati 1993. aastal. Firma on oma nime saanud ladinakeelse s\u00f5na &#8220;cortex&#8221; j\u00e4rgi, mis t\u00e4hendab aju kaitsvat koort. Nimevalik n\u00e4itab, et aitame oma klientidel kaitsta oma tooteid parimal v\u00f5imalikul viisil transportimisel tehasest tarbijani. Kuulume kodumaisesse KTA-Cortexi [&hellip;]<\/p>\n","protected":false},"author":1,"featured_media":10355,"parent":0,"menu_order":0,"comment_status":"closed","ping_status":"closed","template":"","meta":{"footnotes":""},"categories":[504],"class_list":["post-12228","page","type-page","status-publish","has-post-thumbnail","hentry","category-alates-1960-aastast"],"_links":{"self":[{"href":"https:\/\/cortex.fi\/et\/wp-json\/wp\/v2\/pages\/12228","targetHints":{"allow":["GET"]}}],"collection":[{"href":"https:\/\/cortex.fi\/et\/wp-json\/wp\/v2\/pages"}],"about":[{"href":"https:\/\/cortex.fi\/et\/wp-json\/wp\/v2\/types\/page"}],"author":[{"embeddable":true,"href":"https:\/\/cortex.fi\/et\/wp-json\/wp\/v2\/users\/1"}],"replies":[{"embeddable":true,"href":"https:\/\/cortex.fi\/et\/wp-json\/wp\/v2\/comments?post=12228"}],"version-history":[{"count":11,"href":"https:\/\/cortex.fi\/et\/wp-json\/wp\/v2\/pages\/12228\/revisions"}],"predecessor-version":[{"id":13887,"href":"https:\/\/cortex.fi\/et\/wp-json\/wp\/v2\/pages\/12228\/revisions\/13887"}],"wp:featuredmedia":[{"embeddable":true,"href":"https:\/\/cortex.fi\/et\/wp-json\/wp\/v2\/media\/10355"}],"wp:attachment":[{"href":"https:\/\/cortex.fi\/et\/wp-json\/wp\/v2\/media?parent=12228"}],"wp:term":[{"taxonomy":"category","embeddable":true,"href":"https:\/\/cortex.fi\/et\/wp-json\/wp\/v2\/categories?post=12228"}],"curies":[{"name":"wp","href":"https:\/\/api.w.org\/{rel}","templated":true}]}}