{"id":12227,"date":"2022-06-22T19:53:47","date_gmt":"2022-06-22T16:53:47","guid":{"rendered":"https:\/\/cortex.fi\/kontakt\/"},"modified":"2024-08-06T20:42:49","modified_gmt":"2024-08-06T17:42:49","slug":"kontakt","status":"publish","type":"page","link":"https:\/\/cortex.fi\/et\/kontakt\/","title":{"rendered":"Kontakt"},"content":{"rendered":"\t\t<div data-elementor-type=\"wp-page\" data-elementor-id=\"12227\" class=\"elementor elementor-12227 elementor-379\" data-elementor-post-type=\"page\">\n\t\t\t\t\t\t<section class=\"elementor-section elementor-top-section elementor-element elementor-element-9e29b26 elementor-section-boxed elementor-section-height-default elementor-section-height-default\" data-id=\"9e29b26\" data-element_type=\"section\" data-e-type=\"section\" data-settings=\"{&quot;background_background&quot;:&quot;classic&quot;}\">\n\t\t\t\t\t\t\t<div class=\"elementor-background-overlay\"><\/div>\n\t\t\t\t\t\t\t<div class=\"elementor-container elementor-column-gap-default\">\n\t\t\t\t\t<div class=\"elementor-column elementor-col-100 elementor-top-column elementor-element elementor-element-361c7f0\" data-id=\"361c7f0\" data-element_type=\"column\" data-e-type=\"column\">\n\t\t\t<div class=\"elementor-widget-wrap elementor-element-populated\">\n\t\t\t\t\t\t<div class=\"elementor-element elementor-element-1de433f elementor-invisible elementor-widget elementor-widget-heading\" data-id=\"1de433f\" data-element_type=\"widget\" data-e-type=\"widget\" data-settings=\"{&quot;_animation&quot;:&quot;fadeInUp&quot;}\" data-widget_type=\"heading.default\">\n\t\t\t\t<div class=\"elementor-widget-container\">\n\t\t\t\t\t<h2 class=\"elementor-heading-title elementor-size-default\">Kontakt<\/h2>\t\t\t\t<\/div>\n\t\t\t\t<\/div>\n\t\t\t\t<div class=\"elementor-element elementor-element-651ec19 ekaheading elementor-invisible elementor-widget elementor-widget-heading\" data-id=\"651ec19\" data-element_type=\"widget\" data-e-type=\"widget\" data-settings=\"{&quot;_animation&quot;:&quot;fadeInUp&quot;}\" data-widget_type=\"heading.default\">\n\t\t\t\t<div class=\"elementor-widget-container\">\n\t\t\t\t\t<h1 class=\"elementor-heading-title elementor-size-default\">V\u00f5tke \u00fchendust Cortexiga<\/h1>\t\t\t\t<\/div>\n\t\t\t\t<\/div>\n\t\t\t\t\t<\/div>\n\t\t<\/div>\n\t\t\t\t\t<\/div>\n\t\t<\/section>\n\t\t\t\t<section class=\"elementor-section elementor-top-section elementor-element elementor-element-0d06e4c elementor-section-boxed elementor-section-height-default elementor-section-height-default\" data-id=\"0d06e4c\" data-element_type=\"section\" data-e-type=\"section\" id=\"myynnin\">\n\t\t\t\t\t\t<div class=\"elementor-container elementor-column-gap-default\">\n\t\t\t\t\t<div class=\"elementor-column elementor-col-100 elementor-top-column elementor-element elementor-element-6e67446\" data-id=\"6e67446\" data-element_type=\"column\" data-e-type=\"column\" data-settings=\"{&quot;background_background&quot;:&quot;classic&quot;}\">\n\t\t\t<div class=\"elementor-widget-wrap elementor-element-populated\">\n\t\t\t\t\t\t<div class=\"elementor-element elementor-element-77584bc elementor-widget elementor-widget-heading\" data-id=\"77584bc\" data-element_type=\"widget\" data-e-type=\"widget\" data-widget_type=\"heading.default\">\n\t\t\t\t<div class=\"elementor-widget-container\">\n\t\t\t\t\t<h2 class=\"elementor-heading-title elementor-size-default\">M\u00fc\u00fcgi kontaktandmed<\/h2>\t\t\t\t<\/div>\n\t\t\t\t<\/div>\n\t\t\t\t<div class=\"elementor-element elementor-element-11ca880 elementor-widget__width-initial elementor-widget-mobile__width-inherit elementor-widget elementor-widget-text-editor\" data-id=\"11ca880\" data-element_type=\"widget\" data-e-type=\"widget\" data-widget_type=\"text-editor.default\">\n\t\t\t\t<div class=\"elementor-widget-container\">\n\t\t\t\t\t\t\t\t\t<div class=\"elementor-column elementor-col-33 elementor-inner-column elementor-element elementor-element-2d7ba51e\" data-id=\"2d7ba51e\" data-element_type=\"column\"><div class=\"elementor-widget-wrap elementor-element-populated\"><div class=\"elementor-element elementor-element-4e596afa elementor-widget elementor-widget-heading\" data-id=\"4e596afa\" data-element_type=\"widget\" data-widget_type=\"heading.default\"><div class=\"elementor-widget-container\"><h2 class=\"elementor-heading-title elementor-size-default\">Materials:<\/h2><\/div><\/div><div class=\"elementor-element elementor-element-7d4683a0 elementor-widget elementor-widget-text-editor\" data-id=\"7d4683a0\" data-element_type=\"widget\" data-widget_type=\"text-editor.default\"><div class=\"elementor-widget-container\"><p><b>Meelis K\u00fcnnapas<\/b><\/p><p>Piirkonna m\u00fc\u00fcgijuht \/ Ostujuht<br \/>Regional sales manager \/ Purchase manager<\/p><p>Tel +372 6 998 543<br \/>Mob +372 50 32 772<br \/>meelis.kynnapas@cortex.ee<\/p><\/div><\/div><\/div><\/div><div class=\"elementor-column elementor-col-33 elementor-inner-column elementor-element elementor-element-29c5d5f6\" data-id=\"29c5d5f6\" data-element_type=\"column\"><div class=\"elementor-widget-wrap elementor-element-populated\"><div class=\"elementor-element elementor-element-a73795a elementor-widget elementor-widget-heading\" data-id=\"a73795a\" data-element_type=\"widget\" data-widget_type=\"heading.default\"><div class=\"elementor-widget-container\"><h2 class=\"elementor-heading-title elementor-size-default\">Machinery:<\/h2><\/div><\/div><div class=\"elementor-element elementor-element-a039608 elementor-widget elementor-widget-text-editor\" data-id=\"a039608\" data-element_type=\"widget\" data-widget_type=\"text-editor.default\"><div class=\"elementor-widget-container\"><p>Cortex@cortex.ee<br \/>V\u00f5i telefonil: 6 998 555<br \/>Gsm: +372 52 77164<\/p><\/div><\/div><\/div><\/div>\t\t\t\t\t\t\t\t<\/div>\n\t\t\t\t<\/div>\n\t\t\t\t<div class=\"elementor-element elementor-element-8dcdff8 elementor-widget__width-initial elementor-widget-mobile__width-inherit elementor-widget elementor-widget-text-editor\" data-id=\"8dcdff8\" data-element_type=\"widget\" data-e-type=\"widget\" data-widget_type=\"text-editor.default\">\n\t\t\t\t<div class=\"elementor-widget-container\">\n\t\t\t\t\t\t\t\t\t<div class=\"elementor-column elementor-col-33 elementor-inner-column elementor-element elementor-element-2d7ba51e\" data-id=\"2d7ba51e\" data-element_type=\"column\"><div class=\"elementor-widget-wrap elementor-element-populated\"><div class=\"elementor-element elementor-element-4e596afa elementor-widget elementor-widget-heading\" data-id=\"4e596afa\" data-element_type=\"widget\" data-widget_type=\"heading.default\"><div class=\"elementor-widget-container\">\u00a0<\/div><\/div><\/div><\/div><div class=\"elementor-column elementor-col-33 elementor-inner-column elementor-element elementor-element-76f5a0d\" data-id=\"76f5a0d\" data-element_type=\"column\"><div class=\"elementor-widget-wrap elementor-element-populated\"><div class=\"elementor-element elementor-element-2431ec14 elementor-widget elementor-widget-heading\" data-id=\"2431ec14\" data-element_type=\"widget\" data-widget_type=\"heading.default\"><div class=\"elementor-widget-container\"><h2 class=\"elementor-heading-title elementor-size-default\">Office:<\/h2><\/div><\/div><div class=\"elementor-element elementor-element-2ed7adda elementor-widget elementor-widget-text-editor\" data-id=\"2ed7adda\" data-element_type=\"widget\" data-widget_type=\"text-editor.default\"><div class=\"elementor-widget-container\"><p>Cortex@cortex.ee<br \/>V\u00f5i telefonil: 6 998 555<br \/>Gsm: +372 52 77164<\/p><h2 class=\"elementor-heading-title elementor-size-default\">Pagari masinad:<\/h2><\/div><\/div><\/div><\/div><p><strong>Petri Helenius (fi &amp; en)<\/strong><\/p><p>\u00c4rijuht<br \/>puh. +358 4<a href=\"tel%20425%\">00 425 797<\/a><br \/><a href=\"mailto:petri.helenius@cortex.fi\">petri.helenius@cortex.fi<\/a><\/p><h2 class=\"elementor-heading-title elementor-size-default\">Pakkimismasinad:<\/h2><p><strong>Tuomo M\u00e4kel\u00e4 (fi &amp; en)<br \/><\/strong><br \/>\u00c4rijuht<br \/>puh. +358\u00a0<a href=\"tel:050%203302385\">50 330 2385<\/a><br \/><a href=\"mailto:tuomo.makela@cortex.fi\">tuomo.makela@cortex.fi<\/a><\/p>\t\t\t\t\t\t\t\t<\/div>\n\t\t\t\t<\/div>\n\t\t\t\t\t<\/div>\n\t\t<\/div>\n\t\t\t\t\t<\/div>\n\t\t<\/section>\n\t\t\t\t<\/div>\n\t\t","protected":false},"excerpt":{"rendered":"<p>Kontakt V\u00f5tke \u00fchendust Cortexiga M\u00fc\u00fcgi kontaktandmed Materials: Meelis K\u00fcnnapas Piirkonna m\u00fc\u00fcgijuht \/ OstujuhtRegional sales manager \/ Purchase manager Tel +372 6 998 543Mob +372 50 32 772meelis.kynnapas@cortex.ee Machinery: Cortex@cortex.eeV\u00f5i telefonil: 6 998 555Gsm: +372 52 77164 \u00a0 Office: Cortex@cortex.eeV\u00f5i telefonil: 6 998 555Gsm: +372 52 77164 Pagari masinad: Petri Helenius (fi &amp; en) \u00c4rijuhtpuh. +358 [&hellip;]<\/p>\n","protected":false},"author":1,"featured_media":0,"parent":0,"menu_order":0,"comment_status":"closed","ping_status":"closed","template":"","meta":{"footnotes":""},"categories":[],"class_list":["post-12227","page","type-page","status-publish","hentry"],"_links":{"self":[{"href":"https:\/\/cortex.fi\/et\/wp-json\/wp\/v2\/pages\/12227","targetHints":{"allow":["GET"]}}],"collection":[{"href":"https:\/\/cortex.fi\/et\/wp-json\/wp\/v2\/pages"}],"about":[{"href":"https:\/\/cortex.fi\/et\/wp-json\/wp\/v2\/types\/page"}],"author":[{"embeddable":true,"href":"https:\/\/cortex.fi\/et\/wp-json\/wp\/v2\/users\/1"}],"replies":[{"embeddable":true,"href":"https:\/\/cortex.fi\/et\/wp-json\/wp\/v2\/comments?post=12227"}],"version-history":[{"count":17,"href":"https:\/\/cortex.fi\/et\/wp-json\/wp\/v2\/pages\/12227\/revisions"}],"predecessor-version":[{"id":13970,"href":"https:\/\/cortex.fi\/et\/wp-json\/wp\/v2\/pages\/12227\/revisions\/13970"}],"wp:attachment":[{"href":"https:\/\/cortex.fi\/et\/wp-json\/wp\/v2\/media?parent=12227"}],"wp:term":[{"taxonomy":"category","embeddable":true,"href":"https:\/\/cortex.fi\/et\/wp-json\/wp\/v2\/categories?post=12227"}],"curies":[{"name":"wp","href":"https:\/\/api.w.org\/{rel}","templated":true}]}}